{"id":338,"date":"2014-01-17T19:55:32","date_gmt":"2014-01-17T18:55:32","guid":{"rendered":"http:\/\/bevke.si\/?page_id=338"},"modified":"2023-03-30T16:01:29","modified_gmt":"2023-03-30T14:01:29","slug":"dvorana","status":"publish","type":"page","link":"https:\/\/bevke.si\/?page_id=338","title":{"rendered":"Dvorana"},"content":{"rendered":"<p>Dvorana kulturnega doma Bevke slu\u017ei krajanom Bevk, v njej se odvijajo najrazli\u010dnej\u0161e dejavnosti.<\/p>\n<p>Z dvorano upravlja krajevna skupnost.<strong> Dvorano je mo\u017eno tudi najeti.<\/strong><\/p>\n<p>V <strong>spodnjem koledarju preverite<\/strong> ali je \u017eelen termin prost in\u00a0nato izvedite rezervacijo <strong>preko spodnjega obrazca<\/strong>. Obvezno v obrazec vklju\u010dite \u0161e va\u0161o\u00a0<strong>kontaktno telefonsko \u0161tevilko<\/strong> na katero ste dosegljivi.<\/p>\n<p>Najemnik se mora dr\u017eati pravilnika o <a href=\"http:\/\/bevke.si\/wp-content\/uploads\/2014\/01\/Hi\u0161ni-red-KS.doc\">hi\u0161nem redu<\/a>.\u00a0Vsak je dol\u017ean dvorano za seboj tudi pospraviti (pomesti, odnesti smeti &#8230;), saj vam bodo v nasprotnem primeru zara\u010dunali dodatno \u0161e stro\u0161ke \u010di\u0161\u010denja v vrednosti 20 \u20ac.<\/p>\n<p>Za rezervacijo najema prosim izpolnite spodnji obrazec.<\/p>\n<div id=\"simple-contact-form-wrap\">\r\n\t\t<div id=\"simple-contact-form\" class=\"scf\">\r\n\t\t\t<form action=\"#simple-contact-form-wrap\" method=\"post\">\r\n\t\t\t\t<div class=\"scf-row scf-name\">\r\n\t\t\t\t\t<label for=\"scf_name\">Ime (obvezno)<\/label>\r\n\t\t\t\t\t<input name=\"scf_name\" id=\"scf_name\" type=\"text\" size=\"33\" maxlength=\"99\" value=\"\" placeholder=\"Va\u0161e ime\" \/>\r\n\t\t\t\t<\/div>\r\n\t\t\t\t<div class=\"scf-row scf-email\">\r\n\t\t\t\t\t<label for=\"scf_email\">Email (obvezno)<\/label>\r\n\t\t\t\t\t<input name=\"scf_email\" id=\"scf_email\" type=\"text\" size=\"33\" maxlength=\"99\" value=\"\" placeholder=\"Va\u0161 email\" \/>\r\n\t\t\t\t<\/div>\r\n\t\t\t\t<div class=\"scf-row scf-response\">\r\n\t\t\t\t\t<label for=\"scf_response\">koren iz 9 je (vpi\u0161i \u0161tevilko)<\/label>\r\n\t\t\t\t\t<input name=\"scf_response\" id=\"scf_response\" type=\"text\" size=\"33\" maxlength=\"99\" value=\"\" placeholder=\"Pravilen odgovor\" \/>\r\n\t\t\t\t<\/div>\r\n\t\t\t\t<div class=\"scf-row scf-message\">\r\n\t\t\t\t\t<label for=\"scf_message\">Sporo\u010dilo (obvezno)<\/label>\r\n\t\t\t\t\t<textarea name=\"scf_message\" id=\"scf_message\" cols=\"33\" rows=\"7\" placeholder=\"Va\u0161e sporo\u010dilo\"><\/textarea>\r\n\t\t\t\t<\/div>\t<div class=\"scf-confirm-checkbox\">\r\n\t\t<label><input type=\"checkbox\" required> Strinjam se, da to spletno mesto shrani moje poslane podatke, da lahko odgovorijo na mojo poizvedbo.<\/label>\r\n\t<\/div><!-- .scf-confirm-checkbox -->\r\n\t<div class=\"scf-submit\">\r\n\t\t\t\t\t<input type=\"submit\" id=\"scf-button\" value=\"Po\u0161lji povpra\u0161evanje.\">\r\n\t\t\t\t\t<input type=\"hidden\" id=\"scf-key\" name=\"scf-key\" value=\"process\">\r\n\t\t\t\t\t<input type=\"hidden\" id=\"scf-nonce\" name=\"scf-nonce\" value=\"cb2d1b5827\" \/>\r\n\t\t\t\t<\/div><\/form>\r\n\t\t<\/div>\r\n\t\t<style>.scf-confirm-checkbox { margin-top: 15px; } .scf-website3dhhsy3 { display: none; } #simple-contact-form .scf-row { width: 100%; overflow: hidden; margin: 5px 0; padding: 5px 0; border: 0; } #simple-contact-form .scf-row input { box-sizing: border-box; float: left; clear: none; width: 75%; margin: 0; } #simple-contact-form .scf-row label { box-sizing: border-box; float: left; clear: both; width: 25%; margin-top: 5px; font-size: 90%; } #simple-contact-form .scf-row textarea { box-sizing: border-box; float: left; clear: both; width: 100%; margin-top: 2px; }#simple-contact-form fieldset { width: 100%; overflow: hidden; margin: 5px 0; border: 0; } #simple-contact-form fieldset input { float: left; width: 60%; } #simple-contact-form textarea { float: left; clear: both; width: 95%; } #simple-contact-form label { float: left; clear: both; width: 30%; margin-top: 3px; line-height: 1.8; font-size: 90%; }<\/style><div style='clear:both'>&nbsp;<\/div><\/div>\n<p><iframe loading=\"lazy\" src=\"https:\/\/calendar.google.com\/calendar\/embed?height=600&#038;wkst=2&#038;bgcolor=%23ffffff&#038;ctz=Europe%2FBelgrade&#038;mode=WEEK&#038;showCalendars=0&#038;showTz=0&#038;src=a3MuYmV2a2UwMTdAZ21haWwuY29t&#038;color=%23039BE5\" style=\"border:solid 1px #777\" width=\"800\" height=\"600\" frameborder=\"0\" scrolling=\"no\"><\/iframe><\/p>\n","protected":false},"excerpt":{"rendered":"<p>Dvorana kulturnega doma Bevke slu\u017ei krajanom Bevk, v njej se odvijajo najrazli\u010dnej\u0161e dejavnosti. Z dvorano upravlja krajevna skupnost. Dvorano je mo\u017eno tudi najeti. V spodnjem koledarju preverite ali je \u017eelen termin prost in\u00a0nato izvedite rezervacijo preko spodnjega obrazca. Obvezno v obrazec vklju\u010dite \u0161e va\u0161o\u00a0kontaktno telefonsko \u0161tevilko na katero ste dosegljivi. Najemnik se mora dr\u017eati pravilnika [&hellip;]<\/p>\n","protected":false},"author":1,"featured_media":0,"parent":0,"menu_order":0,"comment_status":"closed","ping_status":"open","template":"","meta":{"footnotes":""},"_links":{"self":[{"href":"https:\/\/bevke.si\/index.php?rest_route=\/wp\/v2\/pages\/338"}],"collection":[{"href":"https:\/\/bevke.si\/index.php?rest_route=\/wp\/v2\/pages"}],"about":[{"href":"https:\/\/bevke.si\/index.php?rest_route=\/wp\/v2\/types\/page"}],"author":[{"embeddable":true,"href":"https:\/\/bevke.si\/index.php?rest_route=\/wp\/v2\/users\/1"}],"replies":[{"embeddable":true,"href":"https:\/\/bevke.si\/index.php?rest_route=%2Fwp%2Fv2%2Fcomments&post=338"}],"version-history":[{"count":67,"href":"https:\/\/bevke.si\/index.php?rest_route=\/wp\/v2\/pages\/338\/revisions"}],"predecessor-version":[{"id":2108,"href":"https:\/\/bevke.si\/index.php?rest_route=\/wp\/v2\/pages\/338\/revisions\/2108"}],"wp:attachment":[{"href":"https:\/\/bevke.si\/index.php?rest_route=%2Fwp%2Fv2%2Fmedia&parent=338"}],"curies":[{"name":"wp","href":"https:\/\/api.w.org\/{rel}","templated":true}]}}